{"id":850,"date":"2025-06-06T20:14:12","date_gmt":"2025-06-06T20:14:12","guid":{"rendered":"http:\/\/hnoaxaca.com.mx\/?page_id=850"},"modified":"2025-06-06T20:21:36","modified_gmt":"2025-06-06T20:21:36","slug":"cocoi","status":"publish","type":"page","link":"https:\/\/hnoaxaca.com.mx\/?page_id=850","title":{"rendered":"COCOI"},"content":{"rendered":"\n<figure class=\"wp-block-table\"><table class=\"has-fixed-layout\"><tbody><tr><td>\n<table id=\"tablepress-17\" class=\"tablepress tablepress-id-17\">\n<thead>\n<tr class=\"row-1\">\n\t<th class=\"column-1\">Plan Estrateg\u00edco HNO<\/th><th class=\"column-2\"><a href=\"\/wp-content\/uploads\/2023\/planeacion\/3.Plan_Estrategico_Hospital_de_La_Ni\u00f1ez2025.pdf\" rel=\"noopener\" target=\"_blank\"><img decoding=\"async\" src=\"\/wp-content\/uploads\/2023\/pdf.ico\" alt=\"\" width=\"50\" height=\"50\" \/><\/a><\/th>\n<\/tr>\n<\/thead>\n<tbody class=\"row-striping row-hover\">\n<tr class=\"row-2\">\n\t<td class=\"column-1\">Plan Frente a Contingencias y Emergencias<\/td><td class=\"column-2\"><a href=\"\/wp-content\/uploads\/2025\/Planeacion\/Plan_Frente_a_Contingencias_y_Emergencia2025.pdf\" rel=\"noopener\" target=\"_blank\"><img decoding=\"async\" src=\"\/wp-content\/uploads\/2023\/pdf.ico\" alt=\"\" width=\"50\" height=\"50\" \/><\/a><\/td>\n<\/tr>\n<tr class=\"row-3\">\n\t<td class=\"column-1\">Plan Estrateg\u00edco de Tecnolog\u00edas de la Informaci\u00f3n<\/td><td class=\"column-2\"><a href=\"\/wp-content\/uploads\/2025\/Planeacion\/Plan-Estrat\u00e9gico-de-Tecnolog\u00edas-2025.pdf\" rel=\"noopener\" target=\"_blank\"><img decoding=\"async\" src=\"\/wp-content\/uploads\/2023\/pdf.ico\" alt=\"\" width=\"50\" height=\"50\" \/><\/a><\/td>\n<\/tr>\n<\/tbody>\n<\/table>\n<!-- #tablepress-17 from cache --><\/td><\/tr><\/tbody><\/table><\/figure>\n","protected":false},"excerpt":{"rendered":"","protected":false},"author":2,"featured_media":0,"parent":0,"menu_order":0,"comment_status":"closed","ping_status":"closed","template":"","meta":{"footnotes":""},"class_list":["post-850","page","type-page","status-publish","hentry"],"_links":{"self":[{"href":"https:\/\/hnoaxaca.com.mx\/index.php?rest_route=\/wp\/v2\/pages\/850","targetHints":{"allow":["GET"]}}],"collection":[{"href":"https:\/\/hnoaxaca.com.mx\/index.php?rest_route=\/wp\/v2\/pages"}],"about":[{"href":"https:\/\/hnoaxaca.com.mx\/index.php?rest_route=\/wp\/v2\/types\/page"}],"author":[{"embeddable":true,"href":"https:\/\/hnoaxaca.com.mx\/index.php?rest_route=\/wp\/v2\/users\/2"}],"replies":[{"embeddable":true,"href":"https:\/\/hnoaxaca.com.mx\/index.php?rest_route=%2Fwp%2Fv2%2Fcomments&post=850"}],"version-history":[{"count":2,"href":"https:\/\/hnoaxaca.com.mx\/index.php?rest_route=\/wp\/v2\/pages\/850\/revisions"}],"predecessor-version":[{"id":855,"href":"https:\/\/hnoaxaca.com.mx\/index.php?rest_route=\/wp\/v2\/pages\/850\/revisions\/855"}],"wp:attachment":[{"href":"https:\/\/hnoaxaca.com.mx\/index.php?rest_route=%2Fwp%2Fv2%2Fmedia&parent=850"}],"curies":[{"name":"wp","href":"https:\/\/api.w.org\/{rel}","templated":true}]}}