{"id":7,"date":"2023-05-26T22:51:48","date_gmt":"2023-05-26T22:51:48","guid":{"rendered":"http:\/\/hnoaxaca.com.mx\/?page_id=7"},"modified":"2023-06-07T18:18:00","modified_gmt":"2023-06-07T18:18:00","slug":"mision-vision-y-objetivos","status":"publish","type":"page","link":"https:\/\/hnoaxaca.com.mx\/?page_id=7","title":{"rendered":"Misi\u00f3n, visi\u00f3n y objetivos"},"content":{"rendered":"\n<h2 class=\"wp-block-heading\"><strong>MISI\u00d3N<\/strong><\/h2>\n\n\n\n<p>Contribuir a mejorar la salud de la poblaci\u00f3n oaxaque\u00f1a a trav\u00e9s de servicios m\u00e9dicos pedi\u00e1tricos de alta<br>especialidad, con calidad, seguridad, trato digno y favoreciendo la formaci\u00f3n de recursos humanos.<\/p>\n\n\n\n<h2 class=\"wp-block-heading\"><strong>VISI\u00d3N<\/strong><\/h2>\n\n\n\n<p>Ser un Hospital de especialidades pedi\u00e1tricas, certificado, l\u00edder en la prestaci\u00f3n de servicios m\u00e9dicos<br>acreditados, formadora de recursos humanos y generador de nuevos conocimientos.<\/p>\n\n\n\n<h2 class=\"wp-block-heading\"><strong>OBJETIVOS<\/strong><\/h2>\n\n\n\n<p>Brindar servicios m\u00e9dicos especializados, efectivos, oportunos y de calidad, a la poblaci\u00f3n infantil y adolescente, referidos de hospitales generales de menor complejidad del estado de Oaxaca.<\/p>\n","protected":false},"excerpt":{"rendered":"<p>MISI\u00d3N Contribuir a mejorar la salud de la poblaci\u00f3n oaxaque\u00f1a a trav\u00e9s de servicios m\u00e9dicos pedi\u00e1tricos de altaespecialidad, con calidad, seguridad, trato digno y favoreciendo la formaci\u00f3n de recursos humanos. VISI\u00d3N Ser un Hospital de especialidades pedi\u00e1tricas, certificado, l\u00edder en la prestaci\u00f3n de servicios m\u00e9dicosacreditados, formadora de recursos humanos y generador de nuevos conocimientos. OBJETIVOS [&hellip;]<\/p>\n","protected":false},"author":2,"featured_media":0,"parent":0,"menu_order":0,"comment_status":"closed","ping_status":"closed","template":"","meta":{"footnotes":""},"class_list":["post-7","page","type-page","status-publish","hentry"],"_links":{"self":[{"href":"https:\/\/hnoaxaca.com.mx\/index.php?rest_route=\/wp\/v2\/pages\/7","targetHints":{"allow":["GET"]}}],"collection":[{"href":"https:\/\/hnoaxaca.com.mx\/index.php?rest_route=\/wp\/v2\/pages"}],"about":[{"href":"https:\/\/hnoaxaca.com.mx\/index.php?rest_route=\/wp\/v2\/types\/page"}],"author":[{"embeddable":true,"href":"https:\/\/hnoaxaca.com.mx\/index.php?rest_route=\/wp\/v2\/users\/2"}],"replies":[{"embeddable":true,"href":"https:\/\/hnoaxaca.com.mx\/index.php?rest_route=%2Fwp%2Fv2%2Fcomments&post=7"}],"version-history":[{"count":3,"href":"https:\/\/hnoaxaca.com.mx\/index.php?rest_route=\/wp\/v2\/pages\/7\/revisions"}],"predecessor-version":[{"id":92,"href":"https:\/\/hnoaxaca.com.mx\/index.php?rest_route=\/wp\/v2\/pages\/7\/revisions\/92"}],"wp:attachment":[{"href":"https:\/\/hnoaxaca.com.mx\/index.php?rest_route=%2Fwp%2Fv2%2Fmedia&parent=7"}],"curies":[{"name":"wp","href":"https:\/\/api.w.org\/{rel}","templated":true}]}}